{"id":12,"date":"2025-12-07T15:42:36","date_gmt":"2025-12-07T14:42:36","guid":{"rendered":"https:\/\/ezporogmostaneten.live\/ezjottmost\/?page_id=12"},"modified":"2025-12-07T15:42:36","modified_gmt":"2025-12-07T14:42:36","slug":"kapcsolat","status":"publish","type":"page","link":"https:\/\/ezporogmostaneten.live\/ezjottmost\/kapcsolat\/","title":{"rendered":"Kapcsolat"},"content":{"rendered":"<p><strong>H\u00e1rs Zolt\u00e1n<br \/>\nKapcsolat: hirekinfo@proton.me<\/strong><\/p>\n<p>Eur\u00f3pska, Szlov\u00e1kia<\/p>\n<p>Az esetleges illet\u00e9ktelen publik\u00e1ci\u00f3kat halad\u00e9ktalanul korrig\u00e1ljuk.<\/p>\n","protected":false},"excerpt":{"rendered":"<p>H\u00e1rs Zolt\u00e1n Kapcsolat: hirekinfo@proton.me Eur\u00f3pska, Szlov\u00e1kia Az esetleges illet\u00e9ktelen publik\u00e1ci\u00f3kat halad\u00e9ktalanul korrig\u00e1ljuk.<\/p>\n","protected":false},"author":1,"featured_media":0,"parent":0,"menu_order":0,"comment_status":"closed","ping_status":"closed","template":"","meta":{"footnotes":""},"class_list":["post-12","page","type-page","status-publish","hentry"],"_links":{"self":[{"href":"https:\/\/ezporogmostaneten.live\/ezjottmost\/wp-json\/wp\/v2\/pages\/12","targetHints":{"allow":["GET"]}}],"collection":[{"href":"https:\/\/ezporogmostaneten.live\/ezjottmost\/wp-json\/wp\/v2\/pages"}],"about":[{"href":"https:\/\/ezporogmostaneten.live\/ezjottmost\/wp-json\/wp\/v2\/types\/page"}],"author":[{"embeddable":true,"href":"https:\/\/ezporogmostaneten.live\/ezjottmost\/wp-json\/wp\/v2\/users\/1"}],"replies":[{"embeddable":true,"href":"https:\/\/ezporogmostaneten.live\/ezjottmost\/wp-json\/wp\/v2\/comments?post=12"}],"version-history":[{"count":1,"href":"https:\/\/ezporogmostaneten.live\/ezjottmost\/wp-json\/wp\/v2\/pages\/12\/revisions"}],"predecessor-version":[{"id":13,"href":"https:\/\/ezporogmostaneten.live\/ezjottmost\/wp-json\/wp\/v2\/pages\/12\/revisions\/13"}],"wp:attachment":[{"href":"https:\/\/ezporogmostaneten.live\/ezjottmost\/wp-json\/wp\/v2\/media?parent=12"}],"curies":[{"name":"wp","href":"https:\/\/api.w.org\/{rel}","templated":true}]}}